{"id":482,"date":"2016-10-11T15:26:39","date_gmt":"2016-10-11T15:26:39","guid":{"rendered":"http:\/\/www.mariacorgna.it\/en\/?page_id=482"},"modified":"2016-10-20T13:04:37","modified_gmt":"2016-10-20T13:04:37","slug":"specialistic-visit","status":"publish","type":"page","link":"https:\/\/www.mariacorgna.it\/en\/specialistic-visit\/","title":{"rendered":"Specialist Visit"},"content":{"rendered":"<p>[vc_row][vc_column][vc_custom_heading text=&#8221;How is the Pnei System examination done?&#8221; font_container=&#8221;tag:h2|text_align:left|color:%2349992f&#8221; use_theme_fonts=&#8221;yes&#8221;][vc_empty_space][\/vc_column][\/vc_row][vc_row][vc_column][ultimate_icon_list icon_size=&#8221;60&#8243; icon_margin=&#8221;20&#8243;][ultimate_icon_list_item icon=&#8221;Defaults-smile-o&#8221; icon_color=&#8221;#ea9c35&#8243; icon_style=&#8221;circle&#8221;]<\/p>\n<p align=\"left\"><strong><span lang=\"EN-US\"><i>Phase I: The Preliminary Examination<\/i><\/span><\/strong><\/p>\n<p align=\"left\"><span lang=\"EN-US\">The preliminary examination with the collection of medical history and evaluation of the tests already carried out in the past. <\/span><\/p>\n<p align=\"left\"><span lang=\"EN-US\">To the traditional examination we add the Bioelectrical Impedance Analysis that, through the analysis of body composition (fat mass, lean mass and water), determines the state of health of the connective matrix and the possible need to lose weight and how much, <b>the analysis of the oxidative stress and the evaluation of the state of health of the bones.<\/b> <\/span><\/p>\n<p align=\"left\"><span lang=\"EN-US\">The last two tests are made either during the first examination or after.<\/span><\/p>\n<p>[\/ultimate_icon_list_item][\/ultimate_icon_list][\/vc_column][\/vc_row][vc_row][vc_column][ultimate_icon_list icon_size=&#8221;60&#8243; icon_margin=&#8221;20&#8243;][ultimate_icon_list_item icon=&#8221;Defaults-user-md&#8221; icon_color=&#8221;#ea9c35&#8243; icon_style=&#8221;circle&#8221;]<\/p>\n<p align=\"justify\"><strong><i>Phase II: The Prescription<\/i><\/strong><\/p>\n<p class=\"Nessunaspaziatura1\" align=\"justify\"><span lang=\"EN-US\">Drug therapy is always an integration between conventional medicine and academic homotoxicology, low dose medicine, nutritional supplements where necessary. Acupuncture can be suggested to the patient.<\/span><\/p>\n<p class=\"Nessunaspaziatura1\" align=\"justify\"><span lang=\"EN-US\">\u00a0<\/span><\/p>\n<p class=\"Nessunaspaziatura1\" align=\"justify\"><span lang=\"EN-US\">The Pnei System uses the best possible strategy for the patient without any exclusion or prejudice. The ten-year experience of Prof. Maria Corgna allows her to move easily across the therapeutic techniques. Each patient is given various information during the examination and is suggested <b>the best diet<\/b>, suitable to the treatment, considering that most of the immune system takes place right in the intestine and no therapy can ever be complete unless food is not carefully taken into consideration.<\/span><\/p>\n<p class=\"Nessunaspaziatura1\" align=\"justify\"><span lang=\"EN-US\">\u00a0<\/span><\/p>\n<p class=\"Nessunaspaziatura1\" align=\"justify\"><span lang=\"EN-US\"><b>Movement<\/b> is the third important pillar of the PNEI System method: \u00a0an ideal strategy is agreed between doctor and each patient according to age, ability and opportunity. If necessary, the patient is directed to the pnei4u osteopaths should there be posture problems, pain or contractures that restrict freedom of movement.<\/span><\/p>\n<p class=\"Nessunaspaziatura1\" align=\"justify\"><span lang=\"EN-US\">\u00a0<\/span><\/p>\n<p class=\"Nessunaspaziatura1\" align=\"justify\"><span lang=\"EN-US\">Finally, from the first meeting Professor Corgna suggests to the PNEI patients simple strategies and simple exercises that make them keep his mood \u201cup\u201d as much as possible and especially help them believe in the possibility of improving \/ healing, <b>focusing their attention on the healing and not on the disease.<\/b><\/span><\/p>\n<p class=\"Nessunaspaziatura1\" align=\"justify\"><span lang=\"EN-US\">\u00a0<\/span><\/p>\n<p class=\"Nessunaspaziatura1\" align=\"justify\"><span lang=\"EN-US\">Where necessary, Professor Corgna, expert in NLP, Neuro Associative Conditioning, Autogenic Training, Ericksonian Hypnosis and other modern optimization strategies of the &#8220;situation&#8221; will suggest some ad hoc sessions to improve the psycho-emotional healing, which is of fundamental importance for the healing.<\/span><\/p>\n<p>.[\/ultimate_icon_list_item][\/ultimate_icon_list][\/vc_column][\/vc_row][vc_row][vc_column][vc_column_text]<\/p>\n<p>[\/vc_column_text][\/vc_column][\/vc_row]<\/p>\n","protected":false},"excerpt":{"rendered":"<p>[vc_row][vc_column][vc_custom_heading text=&#8221;How is the Pnei System examination done?&#8221; font_container=&#8221;tag:h2|text_align:left|color:%2349992f&#8221; use_theme_fonts=&#8221;yes&#8221;][vc_empty_space][\/vc_column][\/vc_row][vc_row][vc_column][ultimate_icon_list icon_size=&#8221;60&#8243; icon_margin=&#8221;20&#8243;][ultimate_icon_list_item icon=&#8221;Defaults-smile-o&#8221; icon_color=&#8221;#ea9c35&#8243; icon_style=&#8221;circle&#8221;] Phase I: The Preliminary Examination The preliminary examination with the collection of medical history and evaluation of the tests already carried out in the past. To the traditional examination we add the Bioelectrical Impedance Analysis that, through the analysis of [&hellip;]<\/p>\n","protected":false},"author":2,"featured_media":0,"parent":0,"menu_order":0,"comment_status":"closed","ping_status":"closed","template":"","meta":{"_et_pb_use_builder":"on","_et_pb_old_content":"<p>[vc_row][vc_column][vc_custom_heading text=\"Come si svolge la visita Pnei System\" font_container=\"tag:h2|text_align:left|color:%2349992f\" use_theme_fonts=\"yes\"][vc_empty_space][\/vc_column][\/vc_row][vc_row][vc_column][ultimate_icon_list icon_size=\"60\" icon_margin=\"20\"][ultimate_icon_list_item icon=\"Defaults-smile-o\" icon_color=\"#ea9c35\" icon_style=\"circle\"]<\/p><p><strong>\u00a0<em>Pre-Visita<\/em><\/strong><\/p><p>Durante questa fase preliminare, viene effettuata un anamnesi approfondita del paziente, sia attraverso <strong>un accurato e meticoloso colloquio conoscitivo<\/strong>, sia mediante la valutazione degli esami di laboratorio o accertamenti che il paziente abbia eventualmente portato in visione.<\/p><p>Questo e\u2019 un momento di fondamentale importanza per capire quali possano essere le problematiche del paziente e per poter iniziare nel migliore dei modi\u00a0 <strong>il rapporto tra paziente e professionista Pneisystem<\/strong>, incentrato sull\u2019empatia e sull\u2019ascolto.<\/p><p>[\/ultimate_icon_list_item][\/ultimate_icon_list][\/vc_column][\/vc_row][vc_row][vc_column][ultimate_icon_list icon_size=\"60\" icon_margin=\"20\"][ultimate_icon_list_item icon=\"Defaults-user-md\" icon_color=\"#ea9c35\" icon_style=\"circle\"]<\/p><p><strong><em>Visita<\/em><\/strong><\/p><p>In questa fase viene effettuata una<strong> rilevazione delle misure antropometriche<\/strong>, una <strong>valutazione della composizione corporea, <\/strong><strong>indagine su <\/strong><a href=\"http:\/\/www.bionutrizionista.eu\/la-prevenzione.html\">eventuali disturbi e condizioni fisiopatologiche<\/a>, \u00a0abitudini alimentari e di stile di vita, \u00a0sulle diverse attivit\u00e0 svolte quotidianamente oltre a test psicometrici per valutare lo stato di \u201cstress\u201d del paziente.<\/p><p>Tra le metodiche impiegate durante la visita: la <strong>bioimpedenziometria<\/strong>, che attraverso l\u2019analisi della composizione corporea (massa grassa, massa magra e distribuzione dell\u2019acqua corporea), consente di stabilire lo stato di salute della matrice connettivale e di valutare dove necessario eventuali interventi a carattere nutrizionale\/terapeutico, <strong>l\u2019analisi dello stress ossidativo e della barriera antiossidante, esami su urine e sangue capillare che effettuiamo nel nostro studio<\/strong> e che rientrano nella valutazione globale dello stato di salute del paziente.[\/ultimate_icon_list_item][\/ultimate_icon_list][\/vc_column][\/vc_row][vc_row][vc_column][ultimate_icon_list icon_size=\"60\" icon_margin=\"20\"][ultimate_icon_list_item icon=\"Defaults-pie-chart\" icon_color=\"#ea9c35\" icon_style=\"circle\"]<\/p><p><strong><em>Determinazione del Punteggio<\/em><\/strong><\/p><p>L\u2019acquisizione dei dati clinici, dello stato psico-fisico del paziente e l\u2019esito degli esami sopra illustrati consentono in questa fase l\u2019elaborazione del <strong>Punteggio Pneysistem<\/strong>, una rappresentazione grafica che consente di \u201cquantificare\u201d lo stato di salute e benessere del paziente al momento della visita.<\/p><p>Si tratta di una resa grafica fedelmente riconducibile ad ognuna delle fasi sopra riportate, che consentono al paziente di possedere una visione reale e concreta del suo stato di salute e dei rischi possibili relativi alla sua situazione attuale, e all\u2019operatore di rilevare con precisione le aree di maggior problematicit\u00e0, che riceveranno immediata attenzione terapeutica.<\/p><p>Ogni mese si effettuano valutazioni intermedie mentre al termine del terzo mese di terapia viene elaborato un nuovo Punteggio Pneisystem che documenta graficamente i miglioramenti ottenuti nel trimestre e l\u2019entit\u00e0 degli stessi.<\/p><p>[\/ultimate_icon_list_item][\/ultimate_icon_list][\/vc_column][\/vc_row][vc_row][vc_column][ultimate_icon_list icon_size=\"60\" icon_margin=\"20\"][ultimate_icon_list_item icon=\"Defaults-heartbeat\" icon_color=\"#ea9c35\" icon_style=\"circle\"]<strong><em>Prescrizione e Controllo<\/em><\/strong><\/p><p>Una volta stabilito l\u2019iter terapeutico, la fase di prescrizione verte su:<\/p><ul><li><strong>Terapia farmacologica<\/strong>: \u00e8 sempre una integrazione tra medicina convenzionale accademica (se necessaria) e omotossicologia, fitoterapia,\u00a0 medicina low dose, integratori e nutraceutici secondo le indicazioni cliniche. L\u2019agopuntura pu\u00f2 essere suggerita al paziente.<\/li><\/ul><ul><li><strong>Alimentazione<\/strong>: Ad ogni paziente vengono dati nel corso della visita indicazioni alimentari suggerendo<strong> l\u2019alimentazione pi\u00f9 corretta <\/strong>e idonea nella sua terapia, tenendo conto che la maggior parte dell\u2019attivit\u00e0 immunitaria si svolge proprio a livello dell\u2019intestino e nessuna terapia potr\u00e0 mai essere completa a meno di non considerare con attenzione il cibo.<\/li><\/ul><ul><li><strong>Movimento<\/strong>: viene concordata una strategia ideale per ciascun paziente secondo et\u00e0, capacit\u00e0 e possibilit\u00e0..<\/li><\/ul><ul><li><strong>Strategie e moderne tecniche di gestione dello stress personalizzate<\/strong>: vengono proposte ad hoc in sessioni di life coaching. L\u2019apprendimento delle tecniche di gestione dello stress \u00e8 di fondamentale importanza per alimentare la fiducia nella guarigione, modificare i comportamenti e gli stati emozionali che inesorabilmente portano a malattia e \u00a0reimpostare la lettura personale degli eventi in modo potenziante e produttivo.<\/li><\/ul><p>Dopo la prima visita seguiranno delle <strong>Visite di Controllo indispensabili<\/strong> per accompagnare il paziente nel suo percorso, e la cui frequenza verr\u00e0 definita a seconda dei casi e delle necessit\u00e0. Generalmente a <strong>cadenza mensile<\/strong>.[\/ultimate_icon_list_item][\/ultimate_icon_list][\/vc_column][\/vc_row][vc_row][vc_column][icon_counter flip_type=\"vertical_flip_bottom\" flip_box_style=\"advanced\" icon=\"Defaults-thumbs-o-up\" icon_size=\"32\" icon_color=\"#79af36\" block_title_front=\"Riteniamo che un tempo medio di tre mesi di protocollo Pneisystem siano gi\u00e0 sufficienti ad apportare drastici miglioramenti non solo dello stato di salute ma anche della qualit\u00e0 di vita. Inoltre Pneisystem \u00e8 una strategia ideale per rallentare in modo straordinario l\u2019invecchiamento psico-fisico.\" custom_link=\"1\" button_link=\"url:mailto%3Asegreteria%40pnei4u.com|||\" button_text=\"PRENOTA ORA LA TUA VISITA\" button_bg=\"#68a530\" button_txt=\"#ffffff\"][\/vc_column][\/vc_row]<\/p>","_et_gb_content_width":"","_monsterinsights_skip_tracking":false,"_monsterinsights_sitenote_active":false,"_monsterinsights_sitenote_note":"","_monsterinsights_sitenote_category":0,"footnotes":""},"class_list":["post-482","page","type-page","status-publish","hentry"],"yoast_head":"<!-- This site is optimized with the Yoast SEO plugin v27.2 - https:\/\/yoast.com\/product\/yoast-seo-wordpress\/ -->\n<title>Specialist Visit - Maria Corgna<\/title>\n<meta name=\"robots\" content=\"index, follow, max-snippet:-1, max-image-preview:large, max-video-preview:-1\" \/>\n<link rel=\"canonical\" href=\"https:\/\/www.mariacorgna.it\/en\/specialistic-visit\/\" \/>\n<meta property=\"og:locale\" content=\"en_US\" \/>\n<meta property=\"og:type\" content=\"article\" \/>\n<meta property=\"og:title\" content=\"Specialist Visit - Maria Corgna\" \/>\n<meta property=\"og:description\" content=\"[vc_row][vc_column][vc_custom_heading text=&quot;How is the Pnei System examination done?&quot; font_container=&quot;tag:h2|text_align:left|color:%2349992f&quot; use_theme_fonts=&quot;yes&quot;][vc_empty_space][\/vc_column][\/vc_row][vc_row][vc_column][ultimate_icon_list icon_size=&quot;60&quot; icon_margin=&quot;20&quot;][ultimate_icon_list_item icon=&quot;Defaults-smile-o&quot; icon_color=&quot;#ea9c35&quot; icon_style=&quot;circle&quot;] Phase I: The Preliminary Examination The preliminary examination with the collection of medical history and evaluation of the tests already carried out in the past. To the traditional examination we add the Bioelectrical Impedance Analysis that, through the analysis of [&hellip;]\" \/>\n<meta property=\"og:url\" content=\"https:\/\/www.mariacorgna.it\/en\/specialistic-visit\/\" \/>\n<meta property=\"og:site_name\" content=\"Maria Corgna\" \/>\n<meta property=\"article:modified_time\" content=\"2016-10-20T13:04:37+00:00\" \/>\n<meta name=\"twitter:card\" content=\"summary_large_image\" \/>\n<meta name=\"twitter:label1\" content=\"Est. reading time\" \/>\n\t<meta name=\"twitter:data1\" content=\"2 minutes\" \/>\n<script type=\"application\/ld+json\" class=\"yoast-schema-graph\">{\"@context\":\"https:\/\/schema.org\",\"@graph\":[{\"@type\":\"WebPage\",\"@id\":\"https:\/\/www.mariacorgna.it\/en\/specialistic-visit\/\",\"url\":\"https:\/\/www.mariacorgna.it\/en\/specialistic-visit\/\",\"name\":\"Specialist Visit - Maria Corgna\",\"isPartOf\":{\"@id\":\"https:\/\/www.mariacorgna.it\/en\/#website\"},\"datePublished\":\"2016-10-11T15:26:39+00:00\",\"dateModified\":\"2016-10-20T13:04:37+00:00\",\"breadcrumb\":{\"@id\":\"https:\/\/www.mariacorgna.it\/en\/specialistic-visit\/#breadcrumb\"},\"inLanguage\":\"en-US\",\"potentialAction\":[{\"@type\":\"ReadAction\",\"target\":[\"https:\/\/www.mariacorgna.it\/en\/specialistic-visit\/\"]}]},{\"@type\":\"BreadcrumbList\",\"@id\":\"https:\/\/www.mariacorgna.it\/en\/specialistic-visit\/#breadcrumb\",\"itemListElement\":[{\"@type\":\"ListItem\",\"position\":1,\"name\":\"Home\",\"item\":\"https:\/\/www.mariacorgna.it\/en\/\"},{\"@type\":\"ListItem\",\"position\":2,\"name\":\"Specialist Visit\"}]},{\"@type\":\"WebSite\",\"@id\":\"https:\/\/www.mariacorgna.it\/en\/#website\",\"url\":\"https:\/\/www.mariacorgna.it\/en\/\",\"name\":\"Maria Corgna\",\"description\":\"Pnei\",\"potentialAction\":[{\"@type\":\"SearchAction\",\"target\":{\"@type\":\"EntryPoint\",\"urlTemplate\":\"https:\/\/www.mariacorgna.it\/en\/?s={search_term_string}\"},\"query-input\":{\"@type\":\"PropertyValueSpecification\",\"valueRequired\":true,\"valueName\":\"search_term_string\"}}],\"inLanguage\":\"en-US\"}]}<\/script>\n<!-- \/ Yoast SEO plugin. -->","yoast_head_json":{"title":"Specialist Visit - Maria Corgna","robots":{"index":"index","follow":"follow","max-snippet":"max-snippet:-1","max-image-preview":"max-image-preview:large","max-video-preview":"max-video-preview:-1"},"canonical":"https:\/\/www.mariacorgna.it\/en\/specialistic-visit\/","og_locale":"en_US","og_type":"article","og_title":"Specialist Visit - Maria Corgna","og_description":"[vc_row][vc_column][vc_custom_heading text=\"How is the Pnei System examination done?\" font_container=\"tag:h2|text_align:left|color:%2349992f\" use_theme_fonts=\"yes\"][vc_empty_space][\/vc_column][\/vc_row][vc_row][vc_column][ultimate_icon_list icon_size=\"60\" icon_margin=\"20\"][ultimate_icon_list_item icon=\"Defaults-smile-o\" icon_color=\"#ea9c35\" icon_style=\"circle\"] Phase I: The Preliminary Examination The preliminary examination with the collection of medical history and evaluation of the tests already carried out in the past. To the traditional examination we add the Bioelectrical Impedance Analysis that, through the analysis of [&hellip;]","og_url":"https:\/\/www.mariacorgna.it\/en\/specialistic-visit\/","og_site_name":"Maria Corgna","article_modified_time":"2016-10-20T13:04:37+00:00","twitter_card":"summary_large_image","twitter_misc":{"Est. reading time":"2 minutes"},"schema":{"@context":"https:\/\/schema.org","@graph":[{"@type":"WebPage","@id":"https:\/\/www.mariacorgna.it\/en\/specialistic-visit\/","url":"https:\/\/www.mariacorgna.it\/en\/specialistic-visit\/","name":"Specialist Visit - Maria Corgna","isPartOf":{"@id":"https:\/\/www.mariacorgna.it\/en\/#website"},"datePublished":"2016-10-11T15:26:39+00:00","dateModified":"2016-10-20T13:04:37+00:00","breadcrumb":{"@id":"https:\/\/www.mariacorgna.it\/en\/specialistic-visit\/#breadcrumb"},"inLanguage":"en-US","potentialAction":[{"@type":"ReadAction","target":["https:\/\/www.mariacorgna.it\/en\/specialistic-visit\/"]}]},{"@type":"BreadcrumbList","@id":"https:\/\/www.mariacorgna.it\/en\/specialistic-visit\/#breadcrumb","itemListElement":[{"@type":"ListItem","position":1,"name":"Home","item":"https:\/\/www.mariacorgna.it\/en\/"},{"@type":"ListItem","position":2,"name":"Specialist Visit"}]},{"@type":"WebSite","@id":"https:\/\/www.mariacorgna.it\/en\/#website","url":"https:\/\/www.mariacorgna.it\/en\/","name":"Maria Corgna","description":"Pnei","potentialAction":[{"@type":"SearchAction","target":{"@type":"EntryPoint","urlTemplate":"https:\/\/www.mariacorgna.it\/en\/?s={search_term_string}"},"query-input":{"@type":"PropertyValueSpecification","valueRequired":true,"valueName":"search_term_string"}}],"inLanguage":"en-US"}]}},"_links":{"self":[{"href":"https:\/\/www.mariacorgna.it\/en\/wp-json\/wp\/v2\/pages\/482","targetHints":{"allow":["GET"]}}],"collection":[{"href":"https:\/\/www.mariacorgna.it\/en\/wp-json\/wp\/v2\/pages"}],"about":[{"href":"https:\/\/www.mariacorgna.it\/en\/wp-json\/wp\/v2\/types\/page"}],"author":[{"embeddable":true,"href":"https:\/\/www.mariacorgna.it\/en\/wp-json\/wp\/v2\/users\/2"}],"replies":[{"embeddable":true,"href":"https:\/\/www.mariacorgna.it\/en\/wp-json\/wp\/v2\/comments?post=482"}],"version-history":[{"count":3,"href":"https:\/\/www.mariacorgna.it\/en\/wp-json\/wp\/v2\/pages\/482\/revisions"}],"predecessor-version":[{"id":485,"href":"https:\/\/www.mariacorgna.it\/en\/wp-json\/wp\/v2\/pages\/482\/revisions\/485"}],"wp:attachment":[{"href":"https:\/\/www.mariacorgna.it\/en\/wp-json\/wp\/v2\/media?parent=482"}],"curies":[{"name":"wp","href":"https:\/\/api.w.org\/{rel}","templated":true}]}}